{"id":217,"date":"2026-01-18T19:04:14","date_gmt":"2026-01-18T18:04:14","guid":{"rendered":"http:\/\/160.12.0.5:8089\/?page_id=217"},"modified":"2026-01-18T19:05:38","modified_gmt":"2026-01-18T18:05:38","slug":"formulaire-dinscripion","status":"publish","type":"page","link":"https:\/\/xcorelinks.com\/index.php\/formulaire-dinscripion\/","title":{"rendered":"Formulaire d&rsquo;inscripion"},"content":{"rendered":"\t\t<div data-elementor-type=\"wp-page\" data-elementor-id=\"217\" class=\"elementor elementor-217\">\n\t\t\t\t<div class=\"elementor-element elementor-element-3890c22e e-flex e-con-boxed e-con e-parent\" data-id=\"3890c22e\" data-element_type=\"container\" data-e-type=\"container\">\n\t\t\t\t\t<div class=\"e-con-inner\">\n\t\t\t\t<div class=\"elementor-element elementor-element-18efbdc9 elementor-widget elementor-widget-text-editor\" data-id=\"18efbdc9\" data-element_type=\"widget\" data-e-type=\"widget\" data-widget_type=\"text-editor.default\">\n\t\t\t\t\t\t\t\t\t\n<pre class=\"wp-block-code\"><code>\n<div class=\"wpcf7 no-js\" id=\"wpcf7-f216-o1\" lang=\"fr-BE\" dir=\"ltr\" data-wpcf7-id=\"216\">\n<div class=\"screen-reader-response\"><p role=\"status\" aria-live=\"polite\" aria-atomic=\"true\"><\/p> <ul><\/ul><\/div>\n<form action=\"\/index.php\/wp-json\/wp\/v2\/pages\/217#wpcf7-f216-o1\" method=\"post\" class=\"wpcf7-form init\" aria-label=\"Contact form\" enctype=\"multipart\/form-data\" novalidate=\"novalidate\" data-status=\"init\">\n<fieldset class=\"hidden-fields-container\"><input type=\"hidden\" name=\"_wpcf7\" value=\"216\" \/><input type=\"hidden\" name=\"_wpcf7_version\" value=\"6.1.5\" \/><input type=\"hidden\" name=\"_wpcf7_locale\" value=\"fr_BE\" \/><input type=\"hidden\" name=\"_wpcf7_unit_tag\" value=\"wpcf7-f216-o1\" \/><input type=\"hidden\" name=\"_wpcf7_container_post\" value=\"0\" \/><input type=\"hidden\" name=\"_wpcf7_posted_data_hash\" value=\"\" \/>\n<\/fieldset>\n<h3>INFORMATIONS PERSONNELLES DU CANDIDAT\n<\/h3>\n<p><strong>D\u00e9claration sur l\u2019honneur<\/strong>\n<\/p>\n<p>Moi <span class=\"wpcf7-form-control-wrap\" data-name=\"declaration_nom\"><input size=\"40\" maxlength=\"400\" class=\"wpcf7-form-control wpcf7-text wpcf7-validates-as-required\" aria-required=\"true\" aria-invalid=\"false\" placeholder=\"Nom &amp; Pr\u00e9nom\" value=\"\" type=\"text\" name=\"declaration_nom\" \/><\/span>, je d\u00e9clare sur mon honneur que les informations soumises \u00e0 l\u2019administration g\u00e9n\u00e9rale de XCORELINKS SARL sont vraies et exactes.<br \/>\nJe reconnais aussi que toute information fausse ou falsifi\u00e9e entrainera l\u2019invalidation de ma candidature.\n<\/p>\n<p>[acceptance* declaration_ok]<br \/>\nJ\u2019accepte cette d\u00e9claration et confirme que mes informations sont exactes.<br \/>\n[\/acceptance*]\n<\/p>\n<hr \/>\n<p><strong>Identit\u00e9<\/strong>\n<\/p>\n<p>Pr\u00e9nom*\n<\/p>\n<p><span class=\"wpcf7-form-control-wrap\" data-name=\"firstName\"><input size=\"40\" maxlength=\"400\" class=\"wpcf7-form-control wpcf7-text wpcf7-validates-as-required\" aria-required=\"true\" aria-invalid=\"false\" placeholder=\"Pr\u00e9nom\" value=\"\" type=\"text\" name=\"firstName\" \/><\/span>\n<\/p>\n<p>Nom de la famille*\n<\/p>\n<p><span class=\"wpcf7-form-control-wrap\" data-name=\"lastName\"><input size=\"40\" maxlength=\"400\" class=\"wpcf7-form-control wpcf7-text wpcf7-validates-as-required\" aria-required=\"true\" aria-invalid=\"false\" placeholder=\"Nom de la famille\" value=\"\" type=\"text\" name=\"lastName\" \/><\/span>\n<\/p>\n<p>Num\u00e9ro ID \/ Passeport\n<\/p>\n<p><span class=\"wpcf7-form-control-wrap\" data-name=\"idNumber\"><input size=\"40\" maxlength=\"400\" class=\"wpcf7-form-control wpcf7-text\" aria-invalid=\"false\" placeholder=\"Num\u00e9ro ID \/ Passeport\" value=\"\" type=\"text\" name=\"idNumber\" \/><\/span>\n<\/p>\n<p>Lieu & Date de naissance\n<\/p>\n<p><span class=\"wpcf7-form-control-wrap\" data-name=\"birthPlaceDate\"><input size=\"40\" maxlength=\"400\" class=\"wpcf7-form-control wpcf7-text\" aria-invalid=\"false\" placeholder=\"Ex: Kinshasa, 12\/03\/2002\" value=\"\" type=\"text\" name=\"birthPlaceDate\" \/><\/span>\n<\/p>\n<p>Genre\n<\/p>\n<p><span class=\"wpcf7-form-control-wrap\" data-name=\"gender\"><select class=\"wpcf7-form-control wpcf7-select\" aria-invalid=\"false\" name=\"gender\"><option value=\"\">&#8212;Please choose an option&#8212;<\/option><option value=\"Homme\">Homme<\/option><option value=\"Femme\">Femme<\/option><option value=\"Autre\">Autre<\/option><\/select><\/span>\n<\/p>\n<p>Nationalit\u00e9\n<\/p>\n<p><span class=\"wpcf7-form-control-wrap\" data-name=\"nationality\"><input size=\"40\" maxlength=\"400\" class=\"wpcf7-form-control wpcf7-text\" aria-invalid=\"false\" placeholder=\"Nationalit\u00e9\" value=\"\" type=\"text\" name=\"nationality\" \/><\/span>\n<\/p>\n<p>Pays de naissance\n<\/p>\n<p><span class=\"wpcf7-form-control-wrap\" data-name=\"birthCountry\"><input size=\"40\" maxlength=\"400\" class=\"wpcf7-form-control wpcf7-text\" aria-invalid=\"false\" placeholder=\"Pays de naissance\" value=\"\" type=\"text\" name=\"birthCountry\" \/><\/span>\n<\/p>\n<hr \/>\n<p><strong>Contact<\/strong>\n<\/p>\n<p>T\u00e9l\u00e9phone mobile*\n<\/p>\n<p><span class=\"wpcf7-form-control-wrap\" data-name=\"phoneNumber\"><input size=\"40\" maxlength=\"400\" class=\"wpcf7-form-control wpcf7-tel wpcf7-validates-as-required wpcf7-text wpcf7-validates-as-tel\" aria-required=\"true\" aria-invalid=\"false\" placeholder=\"+243 ... \/ +32 ...\" value=\"\" type=\"tel\" name=\"phoneNumber\" \/><\/span>\n<\/p>\n<p>Adresse mail*\n<\/p>\n<p><span class=\"wpcf7-form-control-wrap\" data-name=\"emailAddress\"><input size=\"40\" maxlength=\"400\" class=\"wpcf7-form-control wpcf7-email wpcf7-validates-as-required wpcf7-text wpcf7-validates-as-email\" aria-required=\"true\" aria-invalid=\"false\" placeholder=\"email@exemple.com\" value=\"\" type=\"email\" name=\"emailAddress\" \/><\/span>\n<\/p>\n<p>Adresse physique\n<\/p>\n<p><span class=\"wpcf7-form-control-wrap\" data-name=\"address\"><input size=\"40\" maxlength=\"400\" class=\"wpcf7-form-control wpcf7-text\" aria-invalid=\"false\" placeholder=\"Adresse compl\u00e8te\" value=\"\" type=\"text\" name=\"address\" \/><\/span>\n<\/p>\n<hr \/>\n<p><strong>Parcours<\/strong>\n<\/p>\n<p>Dernier dipl\u00f4me + ann\u00e9e d\u2019obtention\n<\/p>\n<p><span class=\"wpcf7-form-control-wrap\" data-name=\"lastDegree\"><input size=\"40\" maxlength=\"400\" class=\"wpcf7-form-control wpcf7-text\" aria-invalid=\"false\" placeholder=\"Ex: Bac+3 (2024)\" value=\"\" type=\"text\" name=\"lastDegree\" \/><\/span>\n<\/p>\n<p>Domaine d\u2019\u00e9tude\n<\/p>\n<p><span class=\"wpcf7-form-control-wrap\" data-name=\"studyField\"><input size=\"40\" maxlength=\"400\" class=\"wpcf7-form-control wpcf7-text\" aria-invalid=\"false\" placeholder=\"Ex: Informatique, Gestion, ...\" value=\"\" type=\"text\" name=\"studyField\" \/><\/span>\n<\/p>\n<p>Emploi souhait\u00e9\n<\/p>\n<p><span class=\"wpcf7-form-control-wrap\" data-name=\"desiredJob\"><input size=\"40\" maxlength=\"400\" class=\"wpcf7-form-control wpcf7-text\" aria-invalid=\"false\" placeholder=\"Ex: Support IT, Admin r\u00e9seau, ...\" value=\"\" type=\"text\" name=\"desiredJob\" \/><\/span>\n<\/p>\n<p>Formation souhait\u00e9e*\n<\/p>\n<p><span class=\"wpcf7-form-control-wrap\" data-name=\"formation\"><select class=\"wpcf7-form-control wpcf7-select wpcf7-validates-as-required\" aria-required=\"true\" aria-invalid=\"false\" name=\"formation\"><option value=\"\">&#8212;Please choose an option&#8212;<\/option><option value=\"Support IT\">Support IT<\/option><option value=\"R\u00e9seau Informatique\">R\u00e9seau Informatique<\/option><option value=\"S\u00e9curit\u00e9 Informatique\">S\u00e9curit\u00e9 Informatique<\/option><option value=\"Cr\u00e9ation Web\">Cr\u00e9ation Web<\/option><option value=\"Bases de Donn\u00e9es\">Bases de Donn\u00e9es<\/option><option value=\"Analyse des Donn\u00e9es\">Analyse des Donn\u00e9es<\/option><option value=\"Big Data\">Big Data<\/option><option value=\"Programmation\">Programmation<\/option><option value=\"T\u00e9l\u00e9communication\">T\u00e9l\u00e9communication<\/option><option value=\"Audit Informatique\">Audit Informatique<\/option><option value=\"Digitalisation\">Digitalisation<\/option><option value=\"Gestion \u00c9lectronique des Documents\">Gestion \u00c9lectronique des Documents<\/option><option value=\"Web Marketing\">Web Marketing<\/option><option value=\"Cr\u00e9ation Applications Mobiles\">Cr\u00e9ation Applications Mobiles<\/option><option value=\"Comptabilit\u00e9 Informatique\">Comptabilit\u00e9 Informatique<\/option><\/select><\/span>\n<\/p>\n<p>Comment avez-vous connu XCORELINKS SARL ?\n<\/p>\n<p><span class=\"wpcf7-form-control-wrap\" data-name=\"heardFrom\"><select class=\"wpcf7-form-control wpcf7-select\" aria-invalid=\"false\" name=\"heardFrom\"><option value=\"\">&#8212;Please choose an option&#8212;<\/option><option value=\"R\u00e9seaux sociaux\">R\u00e9seaux sociaux<\/option><option value=\"Google \/ Web\">Google \/ Web<\/option><option value=\"Recommandation\">Recommandation<\/option><option value=\"\u00c9cole \/ Universit\u00e9\">\u00c9cole \/ Universit\u00e9<\/option><option value=\"Affiche \/ Flyer\">Affiche \/ Flyer<\/option><option value=\"WhatsApp\">WhatsApp<\/option><option value=\"Autre\">Autre<\/option><\/select><\/span>\n<\/p>\n<hr \/>\n<p><strong>Connaissances IT (auto-\u00e9valuation)<\/strong>\n<\/p>\n<p>Niveau global IT\n<\/p>\n<p><span class=\"wpcf7-form-control-wrap\" data-name=\"itLevel\"><select class=\"wpcf7-form-control wpcf7-select\" aria-invalid=\"false\" name=\"itLevel\"><option value=\"\">&#8212;Please choose an option&#8212;<\/option><option value=\"Excellent\">Excellent<\/option><option value=\"Bon\">Bon<\/option><option value=\"Assez-Bon\">Assez-Bon<\/option><option value=\"D\u00e9butant\">D\u00e9butant<\/option><\/select><\/span>\n<\/p>\n<p>Microsoft (bureautique)\n<\/p>\n<p><span class=\"wpcf7-form-control-wrap\" data-name=\"msOfficeLevel\"><select class=\"wpcf7-form-control wpcf7-select\" aria-invalid=\"false\" name=\"msOfficeLevel\"><option value=\"\">&#8212;Please choose an option&#8212;<\/option><option value=\"Excellent\">Excellent<\/option><option value=\"Bon\">Bon<\/option><option value=\"Assez-Bon\">Assez-Bon<\/option><option value=\"D\u00e9butant\">D\u00e9butant<\/option><\/select><\/span>\n<\/p>\n<p>Programmation\n<\/p>\n<p><span class=\"wpcf7-form-control-wrap\" data-name=\"progLevel\"><select class=\"wpcf7-form-control wpcf7-select\" aria-invalid=\"false\" name=\"progLevel\"><option value=\"\">&#8212;Please choose an option&#8212;<\/option><option value=\"Excellent\">Excellent<\/option><option value=\"Bon\">Bon<\/option><option value=\"Assez-Bon\">Assez-Bon<\/option><option value=\"D\u00e9butant\">D\u00e9butant<\/option><\/select><\/span>\n<\/p>\n<p>R\u00e9seau informatique\n<\/p>\n<p><span class=\"wpcf7-form-control-wrap\" data-name=\"netLevel\"><select class=\"wpcf7-form-control wpcf7-select\" aria-invalid=\"false\" name=\"netLevel\"><option value=\"\">&#8212;Please choose an option&#8212;<\/option><option value=\"Excellent\">Excellent<\/option><option value=\"Bon\">Bon<\/option><option value=\"Assez-Bon\">Assez-Bon<\/option><option value=\"D\u00e9butant\">D\u00e9butant<\/option><\/select><\/span>\n<\/p>\n<p>Bases de donn\u00e9es\n<\/p>\n<p><span class=\"wpcf7-form-control-wrap\" data-name=\"dbLevel\"><select class=\"wpcf7-form-control wpcf7-select\" aria-invalid=\"false\" name=\"dbLevel\"><option value=\"\">&#8212;Please choose an option&#8212;<\/option><option value=\"Excellent\">Excellent<\/option><option value=\"Bon\">Bon<\/option><option value=\"Assez-Bon\">Assez-Bon<\/option><option value=\"D\u00e9butant\">D\u00e9butant<\/option><\/select><\/span>\n<\/p>\n<p>Cr\u00e9ation Web\n<\/p>\n<p><span class=\"wpcf7-form-control-wrap\" data-name=\"webLevel\"><select class=\"wpcf7-form-control wpcf7-select\" aria-invalid=\"false\" name=\"webLevel\"><option value=\"\">&#8212;Please choose an option&#8212;<\/option><option value=\"Excellent\">Excellent<\/option><option value=\"Bon\">Bon<\/option><option value=\"Assez-Bon\">Assez-Bon<\/option><option value=\"D\u00e9butant\">D\u00e9butant<\/option><\/select><\/span>\n<\/p>\n<p>S\u00e9curit\u00e9 informatique\n<\/p>\n<p><span class=\"wpcf7-form-control-wrap\" data-name=\"secLevel\"><select class=\"wpcf7-form-control wpcf7-select\" aria-invalid=\"false\" name=\"secLevel\"><option value=\"\">&#8212;Please choose an option&#8212;<\/option><option value=\"Excellent\">Excellent<\/option><option value=\"Bon\">Bon<\/option><option value=\"Assez-Bon\">Assez-Bon<\/option><option value=\"D\u00e9butant\">D\u00e9butant<\/option><\/select><\/span>\n<\/p>\n<hr \/>\n<p><strong>Pi\u00e8ces justificatives<\/strong>\n<\/p>\n<p>Joindre copie carte d\u2019identit\u00e9, relev\u00e9s, certificats, dipl\u00f4mes, etc.\n<\/p>\n<p>Carte d\u2019identit\u00e9 (PDF\/JPG\/PNG)\n<\/p>\n<p><span class=\"wpcf7-form-control-wrap\" data-name=\"idFile\"><input size=\"40\" class=\"wpcf7-form-control wpcf7-file wpcf7-validates-as-required\" accept=\".pdf,.jpg,.jpeg,.png\" aria-required=\"true\" aria-invalid=\"false\" type=\"file\" name=\"idFile\" \/><\/span>\n<\/p>\n<p>Dipl\u00f4mes \/ certificats (PDF\/JPG\/PNG)\n<\/p>\n<p><span class=\"wpcf7-form-control-wrap\" data-name=\"diplomasFile\"><input size=\"40\" class=\"wpcf7-form-control wpcf7-file\" accept=\".pdf,.jpg,.jpeg,.png\" aria-invalid=\"false\" type=\"file\" name=\"diplomasFile\" \/><\/span>\n<\/p>\n<p>Autres documents (optionnel)\n<\/p>\n<p><span class=\"wpcf7-form-control-wrap\" data-name=\"otherFile\"><input size=\"40\" class=\"wpcf7-form-control wpcf7-file\" accept=\".pdf,.jpg,.jpeg,.png\" aria-invalid=\"false\" type=\"file\" name=\"otherFile\" \/><\/span>\n<\/p>\n<hr \/>\n<p><strong>RGPD<\/strong>\n<\/p>\n<p>[acceptance* rgpd]<br \/>\nJ\u2019accepte que mes donn\u00e9es soient utilis\u00e9es pour traiter ma candidature et \u00eatre contact\u00e9 par XCORELINKS SARL.<br \/>\n[\/acceptance*]\n<\/p><!-- Anti-spam (honeypot) : \u00e0 cacher en CSS -->\n<p>Site (ne pas remplir)\n<\/p>\n<p><span class=\"wpcf7-form-control-wrap\" data-name=\"website\"><input size=\"40\" maxlength=\"400\" class=\"wpcf7-form-control wpcf7-text hp-field\" aria-invalid=\"false\" value=\"\" type=\"text\" name=\"website\" \/><\/span>\n<\/p>\n<p><input class=\"wpcf7-form-control wpcf7-submit has-spinner\" type=\"submit\" value=\"Envoyer ma candidature\" \/>\n<\/p><div class=\"wpcf7-response-output\" aria-hidden=\"true\"><\/div>\n<\/form>\n<\/div>\n<\/code><\/pre>\n\t\t\t\t\t\t\t\t<\/div>\n\t\t\t\t\t<\/div>\n\t\t\t\t<\/div>\n\t\t\t\t<\/div>\n\t\t","protected":false},"excerpt":{"rendered":"","protected":false},"author":1,"featured_media":0,"parent":0,"menu_order":0,"comment_status":"closed","ping_status":"closed","template":"","meta":{"site-sidebar-layout":"default","site-content-layout":"","ast-site-content-layout":"default","site-content-style":"default","site-sidebar-style":"default","ast-global-header-display":"","ast-banner-title-visibility":"","ast-main-header-display":"","ast-hfb-above-header-display":"","ast-hfb-below-header-display":"","ast-hfb-mobile-header-display":"","site-post-title":"","ast-breadcrumbs-content":"","ast-featured-img":"","footer-sml-layout":"","ast-disable-related-posts":"","theme-transparent-header-meta":"","adv-header-id-meta":"","stick-header-meta":"","header-above-stick-meta":"","header-main-stick-meta":"","header-below-stick-meta":"","astra-migrate-meta-layouts":"default","ast-page-background-enabled":"default","ast-page-background-meta":{"desktop":{"background-color":"var(--ast-global-color-5)","background-image":"","background-repeat":"repeat","background-position":"center center","background-size":"auto","background-attachment":"scroll","background-type":"","background-media":"","overlay-type":"","overlay-color":"","overlay-opacity":"","overlay-gradient":""},"tablet":{"background-color":"","background-image":"","background-repeat":"repeat","background-position":"center center","background-size":"auto","background-attachment":"scroll","background-type":"","background-media":"","overlay-type":"","overlay-color":"","overlay-opacity":"","overlay-gradient":""},"mobile":{"background-color":"","background-image":"","background-repeat":"repeat","background-position":"center center","background-size":"auto","background-attachment":"scroll","background-type":"","background-media":"","overlay-type":"","overlay-color":"","overlay-opacity":"","overlay-gradient":""}},"ast-content-background-meta":{"desktop":{"background-color":"var(--ast-global-color-4)","background-image":"","background-repeat":"repeat","background-position":"center center","background-size":"auto","background-attachment":"scroll","background-type":"","background-media":"","overlay-type":"","overlay-color":"","overlay-opacity":"","overlay-gradient":""},"tablet":{"background-color":"var(--ast-global-color-4)","background-image":"","background-repeat":"repeat","background-position":"center center","background-size":"auto","background-attachment":"scroll","background-type":"","background-media":"","overlay-type":"","overlay-color":"","overlay-opacity":"","overlay-gradient":""},"mobile":{"background-color":"var(--ast-global-color-4)","background-image":"","background-repeat":"repeat","background-position":"center center","background-size":"auto","background-attachment":"scroll","background-type":"","background-media":"","overlay-type":"","overlay-color":"","overlay-opacity":"","overlay-gradient":""}},"footnotes":""},"class_list":["post-217","page","type-page","status-publish","hentry"],"_links":{"self":[{"href":"https:\/\/xcorelinks.com\/index.php\/wp-json\/wp\/v2\/pages\/217","targetHints":{"allow":["GET"]}}],"collection":[{"href":"https:\/\/xcorelinks.com\/index.php\/wp-json\/wp\/v2\/pages"}],"about":[{"href":"https:\/\/xcorelinks.com\/index.php\/wp-json\/wp\/v2\/types\/page"}],"author":[{"embeddable":true,"href":"https:\/\/xcorelinks.com\/index.php\/wp-json\/wp\/v2\/users\/1"}],"replies":[{"embeddable":true,"href":"https:\/\/xcorelinks.com\/index.php\/wp-json\/wp\/v2\/comments?post=217"}],"version-history":[{"count":5,"href":"https:\/\/xcorelinks.com\/index.php\/wp-json\/wp\/v2\/pages\/217\/revisions"}],"predecessor-version":[{"id":222,"href":"https:\/\/xcorelinks.com\/index.php\/wp-json\/wp\/v2\/pages\/217\/revisions\/222"}],"wp:attachment":[{"href":"https:\/\/xcorelinks.com\/index.php\/wp-json\/wp\/v2\/media?parent=217"}],"curies":[{"name":"wp","href":"https:\/\/api.w.org\/{rel}","templated":true}]}}